{"id":147,"date":"2013-12-19T16:54:42","date_gmt":"2013-12-19T16:54:42","guid":{"rendered":"http:\/\/www.arango.com.pa\/es\/?page_id=147"},"modified":"2013-12-19T22:49:36","modified_gmt":"2013-12-19T22:49:36","slug":"invertir-en-panama","status":"publish","type":"page","link":"https:\/\/arango.com.pa\/es\/invertir-en-panama\/","title":{"rendered":"Invertir en Panam\u00e1"},"content":{"rendered":"<p>Panam\u00e1 un pa\u00eds con vocaci\u00f3n de servicio, que goza de una privilegiada posici\u00f3n geogr\u00e1fica, que ha permitido que seamos uno de los centros log\u00edsticos m\u00e1s importantes del Hemisferio Occidental para el acopio y distribuci\u00f3n de la carga mundial, puente para la movilizaci\u00f3n de pasajeros a todo el Continente Americano y facilitador de eficientes y modernos servicios de comunicaci\u00f3n. Promotor de comercio, tanto nacional como internacional, Panam\u00e1 goza de estabilidad pol\u00edtica, social y econ\u00f3mica.<\/p>\n<p>Panam\u00e1 ha pasado de ser un puente para convertirse en una moderna plataforma log\u00edstica por mar, tierra y aire, con el Canal de Panam\u00e1 como eje principal, transportando m\u00e1s de 300 millones de CPSUAB (Contenedor, Granel, etc.), sirviendo hoy d\u00eda a m\u00e1s de 14,000 naves a trav\u00e9s 144 rutas mar\u00edtimas y complementado con el sistema de terminales de contenedores en el Pac\u00edfico y Caribe, que sirven como centro de trasbordo y redistribuci\u00f3n de carga, que registraron un movimiento de carga anual de contenedores por 4.25 millones de TEU\u00b4s, sumado al ferrocarril interoce\u00e1nico que tiene una capacidad de 330,000 contenedores al a\u00f1o de una costa a la otra. Panam\u00e1 tambi\u00e9n cuenta con la Zona Libre de Col\u00f3n, la m\u00e1s importante del Hemisferio Occidental, con un intercambio comercial anual de m\u00e1s de 19 mil millones de d\u00f3lares a trav\u00e9s de las casi 3,000 empresas establecidas en la Zona Libre de Col\u00f3n. El desarrollo la \u00c1rea Econ\u00f3mica Especial Panam\u00e1 Pac\u00edfico, en la antigua base a\u00e9rea de Howard, servir\u00e1 como un espacio destinado a la producci\u00f3n de bienes y servicios de alta tecnolog\u00eda.<\/p>\n<p>Brindamos un eficiente servicio a\u00e9reo a trav\u00e9s del Aeropuerto Internacional de Tocumen, ahora en proceso de remodelaci\u00f3n para ofrecer un ambiente confortable y seguro a todos los viajeros que visitan nuestro pa\u00eds y una atenci\u00f3n expedita y eficiente a los viajeros en tr\u00e1nsito, quienes no pasan por Migraci\u00f3n ni Aduana. Desde el aeropuerto opera el \u201cHub\u201d de la aerol\u00ednea Copa Airlines, que ofrece m\u00e1s de 46 destinos a 25 pa\u00edses de Am\u00e9rica y excelentes conexiones, algunas de ellas con tres vuelos diarios, a las ciudades m\u00e1s importantes de Latinoam\u00e9rica. Contamos adem\u00e1s con una excelente oferta interna de vuelos directos a las principales ciudades del interior del pa\u00eds.<\/p>\n<p>Panam\u00e1, se ha convertido en el centro preferido para la instalaci\u00f3n de cinco cables submarinos de fibra \u00f3ptica, coinvirti\u00e9ndonos en el lugar ideal para compa\u00f1\u00edas de telecomunicaciones y centros de datos ya que tenemos la ventaja de ofrecer gran conectividad con Norte y Sur Am\u00e9rica, Europa, Asia y el Caribe, ventajas que han sabido aprovechar empresas como MCI, Cable &amp; Wireless y Movistar que ofrecen servicios de telefon\u00eda celular e internet de primera calidad al mercado local e internacional.<\/p>\n<p>Nuestros servicios m\u00e9dicos y de salud son reconocidos a nivel internacional, contamos con los dos mejores hospitales privados de la regi\u00f3n Centroamericana, equipados con lo \u00faltimo en tecnolog\u00eda m\u00e9dica, y afiliados a hospitales de fama mundial como el reconocido Baptist Hospital en Miami, Florida y el Johns Hopkins Medical Center en Baltimore, Maryland.<\/p>\n<p>Nuestro clima tropical y variada oferta tur\u00edstica nos coloca entre los preferidos para los viajeros que pueden encontrar en nuestro pa\u00eds pintorescos pueblos ind\u00edgenas y coloniales, playas de arena blanca y arrecifes de corales de una belleza indescriptible, monta\u00f1as con climas frescos y selvas tropicales con una exuberante vegetaci\u00f3n, hogar de innumerables especies de flora y fauna y con nuestra excelente red vial y cortas distancias se puede recorrer el pa\u00eds en solo seis horas.<\/p>\n<p>Por estas razones, Panam\u00e1 ha sido escogida por importantes empresas multinacionales como Samsung Electronics, Inc., DHL, DELL, Hutchinson Port Holding Group, HSBC, BICSA, SCOTIABANK, Assicurazioni Generali, American Life Insurance Company y muchas m\u00e1s, como sede para sus operaciones regionales. Tambi\u00e9n algunos de los m\u00e1s reconocidos Organismos Internacionales como UNICEF, PNUD, OEA, la Agencia Espa\u00f1ola de Cooperaci\u00f3n Internacional (AECI), y el BLADEX entre otros, han seleccionado a Panam\u00e1 para establecer sus operaciones.<\/p>\n<p>Panam\u00e1 ofrece bienes y servicios a precios razonables frente a sus vecinos m\u00e1s pr\u00f3ximos, con Tratados de Libre Comercio (TLC) con Taiw\u00e1n, El Salvador, Singapur y Chile. Adem\u00e1s estamos en las negociaciones finales de un TLC con Estados Unidos y Centro Am\u00e9rica y preparamos nuestro ingreso al G-3.<\/p>\n","protected":false},"excerpt":{"rendered":"<p>Panam\u00e1 un pa\u00eds con vocaci\u00f3n de servicio, que goza de una privilegiada posici\u00f3n geogr\u00e1fica, que ha permitido que seamos uno de los centros log\u00edsticos m\u00e1s importantes del Hemisferio Occidental para el acopio y distribuci\u00f3n de la carga mundial, puente para la movilizaci\u00f3n de pasajeros a todo el Continente Americano y facilitador de eficientes y modernos servicios de comunicaci\u00f3n. Promotor de comercio, tanto nacional como internacional, Panam\u00e1 goza de estabilidad pol\u00edtica, social y econ\u00f3mica. Panam\u00e1 ha pasado de ser un puente para convertirse en una moderna [&hellip;]<\/p>\n","protected":false},"author":2,"featured_media":158,"parent":0,"menu_order":0,"comment_status":"closed","ping_status":"closed","template":"page_sidebar.php","meta":{"footnotes":""},"class_list":["post-147","page","type-page","status-publish","has-post-thumbnail","hentry"],"_links":{"self":[{"href":"https:\/\/arango.com.pa\/es\/wp-json\/wp\/v2\/pages\/147","targetHints":{"allow":["GET"]}}],"collection":[{"href":"https:\/\/arango.com.pa\/es\/wp-json\/wp\/v2\/pages"}],"about":[{"href":"https:\/\/arango.com.pa\/es\/wp-json\/wp\/v2\/types\/page"}],"author":[{"embeddable":true,"href":"https:\/\/arango.com.pa\/es\/wp-json\/wp\/v2\/users\/2"}],"replies":[{"embeddable":true,"href":"https:\/\/arango.com.pa\/es\/wp-json\/wp\/v2\/comments?post=147"}],"version-history":[{"count":6,"href":"https:\/\/arango.com.pa\/es\/wp-json\/wp\/v2\/pages\/147\/revisions"}],"predecessor-version":[{"id":157,"href":"https:\/\/arango.com.pa\/es\/wp-json\/wp\/v2\/pages\/147\/revisions\/157"}],"wp:featuredmedia":[{"embeddable":true,"href":"https:\/\/arango.com.pa\/es\/wp-json\/wp\/v2\/media\/158"}],"wp:attachment":[{"href":"https:\/\/arango.com.pa\/es\/wp-json\/wp\/v2\/media?parent=147"}],"curies":[{"name":"wp","href":"https:\/\/api.w.org\/{rel}","templated":true}]}}