{"id":2,"date":"2013-11-22T22:20:40","date_gmt":"2013-11-22T22:20:40","guid":{"rendered":"http:\/\/www.arango.com.pa\/es\/?page_id=2"},"modified":"2014-03-05T16:37:33","modified_gmt":"2014-03-05T16:37:33","slug":"nosotros","status":"publish","type":"page","link":"https:\/\/arango.com.pa\/es\/nosotros\/","title":{"rendered":"Nosotros"},"content":{"rendered":"<p><strong>Arango Realty<\/strong> es una empresa promotora y Bienes\u00a0ra\u00edces\u00a0\u00a0con m\u00e1s de 10 a\u00f1os de experiencia en el mercado Paname\u00f1o, nuestra meta es proporcionarle el mejor servicio, atenci\u00f3n y asesoramiento a nuestros clientes a la hora de adquirir una nueva propiedad.<\/p>\n","protected":false},"excerpt":{"rendered":"<p>Arango Realty es una empresa promotora y Bienes\u00a0ra\u00edces\u00a0\u00a0con m\u00e1s de 10 a\u00f1os de experiencia en el mercado Paname\u00f1o, nuestra meta es proporcionarle el mejor servicio, atenci\u00f3n y asesoramiento a nuestros clientes a la hora de adquirir una nueva propiedad.<\/p>\n","protected":false},"author":5,"featured_media":164,"parent":0,"menu_order":0,"comment_status":"open","ping_status":"closed","template":"page_sidebar.php","meta":{"footnotes":""},"class_list":["post-2","page","type-page","status-publish","has-post-thumbnail","hentry"],"_links":{"self":[{"href":"https:\/\/arango.com.pa\/es\/wp-json\/wp\/v2\/pages\/2","targetHints":{"allow":["GET"]}}],"collection":[{"href":"https:\/\/arango.com.pa\/es\/wp-json\/wp\/v2\/pages"}],"about":[{"href":"https:\/\/arango.com.pa\/es\/wp-json\/wp\/v2\/types\/page"}],"author":[{"embeddable":true,"href":"https:\/\/arango.com.pa\/es\/wp-json\/wp\/v2\/users\/5"}],"replies":[{"embeddable":true,"href":"https:\/\/arango.com.pa\/es\/wp-json\/wp\/v2\/comments?post=2"}],"version-history":[{"count":9,"href":"https:\/\/arango.com.pa\/es\/wp-json\/wp\/v2\/pages\/2\/revisions"}],"predecessor-version":[{"id":152,"href":"https:\/\/arango.com.pa\/es\/wp-json\/wp\/v2\/pages\/2\/revisions\/152"}],"wp:featuredmedia":[{"embeddable":true,"href":"https:\/\/arango.com.pa\/es\/wp-json\/wp\/v2\/media\/164"}],"wp:attachment":[{"href":"https:\/\/arango.com.pa\/es\/wp-json\/wp\/v2\/media?parent=2"}],"curies":[{"name":"wp","href":"https:\/\/api.w.org\/{rel}","templated":true}]}}